{"id":2,"date":"2023-06-30T09:16:35","date_gmt":"2023-06-30T09:16:35","guid":{"rendered":"http:\/\/farmaciaabetxuko.com\/?page_id=2"},"modified":"2026-01-27T10:50:05","modified_gmt":"2026-01-27T10:50:05","slug":"servicios","status":"publish","type":"page","link":"https:\/\/farmaciaabetxuko.com\/index.php\/servicios\/","title":{"rendered":"Servicio de Dermoan\u00e1lisis:"},"content":{"rendered":"\n<ul class=\"wp-block-list\"><\/ul>\n\n\n\n<ul class=\"wp-block-list\"><\/ul>\n\n\n\n<figure class=\"wp-block-image size-full\"><img loading=\"lazy\" decoding=\"async\" width=\"567\" height=\"238\" src=\"https:\/\/farmaciaabetxuko.com\/wp-content\/uploads\/2026\/01\/image.png\" alt=\"\" class=\"wp-image-149\" srcset=\"https:\/\/farmaciaabetxuko.com\/wp-content\/uploads\/2026\/01\/image.png 567w, https:\/\/farmaciaabetxuko.com\/wp-content\/uploads\/2026\/01\/image-300x126.png 300w\" sizes=\"auto, (max-width: 567px) 100vw, 567px\" \/><\/figure>\n\n\n\n<p class=\"has-large-font-size\"><strong>\u00bfSabes qu\u00e9 es lo que realmente necesita tu piel?<\/strong><\/p>\n\n\n\n<p>A menudo compramos productos cosm\u00e9ticos bas\u00e1ndonos en recomendaciones generales, pero cada piel es un mundo. Lo que le funciona a una persona puede no ser lo ideal para ti.<\/p>\n\n\n\n<p>En Farmacia Torrecilla, queremos ayudarte a lucir tu mejor versi\u00f3n. Por eso, ponemos a tu disposici\u00f3n nuestro avanzado sistema de <strong>Dermoan\u00e1lisis<\/strong>, una tecnolog\u00eda de precisi\u00f3n que nos permite \u00abmirar bajo la superficie\u00bb para entender las necesidades reales de tu rostro y cabello.<\/p>\n\n\n\n<hr class=\"wp-block-separator has-alpha-channel-opacity\"\/>\n\n\n\n<p class=\"has-large-font-size\"><strong>\u00bfQu\u00e9 analizamos en tu cita?<\/strong><\/p>\n\n\n\n<p>A trav\u00e9s de sensores de alta tecnolog\u00eda y microc\u00e1maras, evaluamos los cuatro pilares fundamentales de la salud cut\u00e1nea:<\/p>\n\n\n\n<ul class=\"wp-block-list\">\n<li><strong>Hidrataci\u00f3n:<\/strong> Medimos los niveles de agua para combatir la sequedad o la tirantez.<\/li>\n\n\n\n<li><strong>Sebo:<\/strong> Determinamos el nivel de grasa para equilibrar brillos e impurezas.<\/li>\n\n\n\n<li><strong>Elasticidad:<\/strong> Analizamos la firmeza y el estado de las fibras de col\u00e1geno.<\/li>\n\n\n\n<li><strong>Pigmentaci\u00f3n:<\/strong> Detectamos manchas visibles y futuras manchas antes de que salgan a la superficie.<\/li>\n<\/ul>\n\n\n\n<p><strong>Tambi\u00e9n realizamos an\u00e1lisis capilar<\/strong> para evaluar la salud de tu cuero cabelludo y la densidad de tu cabello.<\/p>\n\n\n\n<hr class=\"wp-block-separator has-alpha-channel-opacity\"\/>\n\n\n\n<p class=\"has-large-font-size\"><strong>\u00bfC\u00f3mo funciona el servicio?<\/strong><\/p>\n\n\n\n<ol start=\"1\" class=\"wp-block-list\">\n<li><strong>Cita previa:<\/strong> Reserva tu espacio de 15-20 minutos para una atenci\u00f3n exclusiva.<\/li>\n\n\n\n<li><strong>Diagn\u00f3stico t\u00e9cnico:<\/strong> Somos expertos en dermofarmacia y realizamos las mediciones con el equipo profesional.<\/li>\n\n\n\n<li><strong>Asesoramiento personalizado:<\/strong> Con los resultados en mano, te entregamos una rutina de cuidados y productos espec\u00edficos que s\u00ed funcionan para tu tipo de piel.<\/li>\n\n\n\n<li><strong>Seguimiento:<\/strong> Podremos ver tu evoluci\u00f3n en futuras visitas para ajustar el tratamiento seg\u00fan la estaci\u00f3n del a\u00f1o.<\/li>\n<\/ol>\n\n\n\n<hr class=\"wp-block-separator has-alpha-channel-opacity\"\/>\n\n\n\n<p class=\"has-large-font-size\"><strong>\u00a1Escr\u00edbenos por WhatsApp y solicita tu cita ahora!<\/strong><\/p>\n\n\n\n<ul class=\"wp-block-social-links has-huge-icon-size has-visible-labels is-content-justification-center is-layout-flex wp-container-core-social-links-is-layout-16018d1d wp-block-social-links-is-layout-flex\"><li class=\"wp-social-link wp-social-link-whatsapp  wp-block-social-link\"><a rel=\"noopener nofollow\" target=\"_blank\" href=\"https:\/\/wa.me\/34626962507?text=Hola,%20me%20gustar\u00eda%20agendar%20una%20cita%20para%20el%20servicio%20de%20dermoan\u00e1lisis\" class=\"wp-block-social-link-anchor\"><svg width=\"24\" height=\"24\" viewBox=\"0 0 24 24\" version=\"1.1\" xmlns=\"http:\/\/www.w3.org\/2000\/svg\" aria-hidden=\"true\" focusable=\"false\"><path d=\"M 12.011719 2 C 6.5057187 2 2.0234844 6.478375 2.0214844 11.984375 C 2.0204844 13.744375 2.4814687 15.462563 3.3554688 16.976562 L 2 22 L 7.2324219 20.763672 C 8.6914219 21.559672 10.333859 21.977516 12.005859 21.978516 L 12.009766 21.978516 C 17.514766 21.978516 21.995047 17.499141 21.998047 11.994141 C 22.000047 9.3251406 20.962172 6.8157344 19.076172 4.9277344 C 17.190172 3.0407344 14.683719 2.001 12.011719 2 z M 12.009766 4 C 14.145766 4.001 16.153109 4.8337969 17.662109 6.3417969 C 19.171109 7.8517969 20.000047 9.8581875 19.998047 11.992188 C 19.996047 16.396187 16.413812 19.978516 12.007812 19.978516 C 10.674812 19.977516 9.3544062 19.642812 8.1914062 19.007812 L 7.5175781 18.640625 L 6.7734375 18.816406 L 4.8046875 19.28125 L 5.2851562 17.496094 L 5.5019531 16.695312 L 5.0878906 15.976562 C 4.3898906 14.768562 4.0204844 13.387375 4.0214844 11.984375 C 4.0234844 7.582375 7.6067656 4 12.009766 4 z M 8.4765625 7.375 C 8.3095625 7.375 8.0395469 7.4375 7.8105469 7.6875 C 7.5815469 7.9365 6.9355469 8.5395781 6.9355469 9.7675781 C 6.9355469 10.995578 7.8300781 12.182609 7.9550781 12.349609 C 8.0790781 12.515609 9.68175 15.115234 12.21875 16.115234 C 14.32675 16.946234 14.754891 16.782234 15.212891 16.740234 C 15.670891 16.699234 16.690438 16.137687 16.898438 15.554688 C 17.106437 14.971687 17.106922 14.470187 17.044922 14.367188 C 16.982922 14.263188 16.816406 14.201172 16.566406 14.076172 C 16.317406 13.951172 15.090328 13.348625 14.861328 13.265625 C 14.632328 13.182625 14.464828 13.140625 14.298828 13.390625 C 14.132828 13.640625 13.655766 14.201187 13.509766 14.367188 C 13.363766 14.534188 13.21875 14.556641 12.96875 14.431641 C 12.71875 14.305641 11.914938 14.041406 10.960938 13.191406 C 10.218937 12.530406 9.7182656 11.714844 9.5722656 11.464844 C 9.4272656 11.215844 9.5585938 11.079078 9.6835938 10.955078 C 9.7955938 10.843078 9.9316406 10.663578 10.056641 10.517578 C 10.180641 10.371578 10.223641 10.267562 10.306641 10.101562 C 10.389641 9.9355625 10.347156 9.7890625 10.285156 9.6640625 C 10.223156 9.5390625 9.737625 8.3065 9.515625 7.8125 C 9.328625 7.3975 9.131125 7.3878594 8.953125 7.3808594 C 8.808125 7.3748594 8.6425625 7.375 8.4765625 7.375 z\"><\/path><\/svg><span class=\"wp-block-social-link-label\">WhatsApp<\/span><\/a><\/li><\/ul>\n\n\n\n<p>No dejes tu belleza al azar. Invierte en un diagn\u00f3stico profesional y empieza a cuidar tu piel como se merece.<\/p>\n\n\n\n<ul class=\"wp-block-list\"><\/ul>\n\n\n\n<figure class=\"wp-block-image size-full is-resized\"><img loading=\"lazy\" decoding=\"async\" width=\"567\" height=\"238\" src=\"https:\/\/farmaciaabetxuko.com\/wp-content\/uploads\/2026\/01\/image.png\" alt=\"\" class=\"wp-image-149\" style=\"width:1175px;height:auto\" srcset=\"https:\/\/farmaciaabetxuko.com\/wp-content\/uploads\/2026\/01\/image.png 567w, https:\/\/farmaciaabetxuko.com\/wp-content\/uploads\/2026\/01\/image-300x126.png 300w\" sizes=\"auto, (max-width: 567px) 100vw, 567px\" \/><\/figure>\n\n\n\n<p><\/p>\n","protected":false},"excerpt":{"rendered":"<p>\u00bfSabes qu\u00e9 es lo que realmente necesita tu piel? A menudo compramos productos cosm\u00e9ticos bas\u00e1ndonos en recomendaciones generales, pero cada piel es un mundo. Lo que le funciona a una persona puede no ser lo ideal para ti. En Farmacia Torrecilla, queremos ayudarte a lucir tu mejor versi\u00f3n. Por eso, ponemos a tu disposici\u00f3n nuestro&#8230;<\/p>\n","protected":false},"author":1,"featured_media":149,"parent":0,"menu_order":0,"comment_status":"closed","ping_status":"open","template":"","meta":{"_kadence_starter_templates_imported_post":false,"_kad_post_transparent":"","_kad_post_title":"","_kad_post_layout":"","_kad_post_sidebar_id":"","_kad_post_content_style":"","_kad_post_vertical_padding":"","_kad_post_feature":"","_kad_post_feature_position":"","_kad_post_header":false,"_kad_post_footer":false,"_kad_post_classname":"","footnotes":""},"class_list":["post-2","page","type-page","status-publish","has-post-thumbnail","hentry"],"_links":{"self":[{"href":"https:\/\/farmaciaabetxuko.com\/index.php\/wp-json\/wp\/v2\/pages\/2","targetHints":{"allow":["GET"]}}],"collection":[{"href":"https:\/\/farmaciaabetxuko.com\/index.php\/wp-json\/wp\/v2\/pages"}],"about":[{"href":"https:\/\/farmaciaabetxuko.com\/index.php\/wp-json\/wp\/v2\/types\/page"}],"author":[{"embeddable":true,"href":"https:\/\/farmaciaabetxuko.com\/index.php\/wp-json\/wp\/v2\/users\/1"}],"replies":[{"embeddable":true,"href":"https:\/\/farmaciaabetxuko.com\/index.php\/wp-json\/wp\/v2\/comments?post=2"}],"version-history":[{"count":10,"href":"https:\/\/farmaciaabetxuko.com\/index.php\/wp-json\/wp\/v2\/pages\/2\/revisions"}],"predecessor-version":[{"id":160,"href":"https:\/\/farmaciaabetxuko.com\/index.php\/wp-json\/wp\/v2\/pages\/2\/revisions\/160"}],"wp:featuredmedia":[{"embeddable":true,"href":"https:\/\/farmaciaabetxuko.com\/index.php\/wp-json\/wp\/v2\/media\/149"}],"wp:attachment":[{"href":"https:\/\/farmaciaabetxuko.com\/index.php\/wp-json\/wp\/v2\/media?parent=2"}],"curies":[{"name":"wp","href":"https:\/\/api.w.org\/{rel}","templated":true}]}}